{"id":6805,"date":"2021-12-23T16:12:18","date_gmt":"2021-12-23T15:12:18","guid":{"rendered":"https:\/\/www.bousfor.dz\/fr\/?post_type=product&#038;p=6805"},"modified":"2021-12-23T16:13:23","modified_gmt":"2021-12-23T15:13:23","slug":"cfh-a14001-8-secateur-delagage-a-motif-de-derivation","status":"publish","type":"product","link":"https:\/\/www.bousfor.dz\/fr\/product\/cfh-a14001-8-secateur-delagage-a-motif-de-derivation\/","title":{"rendered":"CFH-A14001-8 S\u00c9CATEUR D&rsquo;\u00c9LAGAGE \u00c0 MOTIF DE D\u00c9RIVATION"},"content":{"rendered":"","protected":false},"excerpt":{"rendered":"<p><img decoding=\"async\" class=\"alignnone size-full wp-image-6808\" src=\"https:\/\/www.bousfor.dz\/fr\/wp-content\/uploads\/2021\/12\/202104230949104312.png\" alt=\"\" width=\"274\" height=\"44\" \/><\/p>\n<p>&nbsp;<\/p>\n<p>&nbsp;<\/p>\n<p>&nbsp;<\/p>\n<p>&nbsp;<\/p>\n<p>&nbsp;<\/p>\n<p>&nbsp;<\/p>\n","protected":false},"featured_media":6806,"comment_status":"closed","ping_status":"closed","template":"","meta":[],"product_brand":[53],"product_cat":[259,212,218],"product_tag":[246],"class_list":{"0":"post-6805","1":"product","2":"type-product","3":"status-publish","4":"has-post-thumbnail","6":"product_brand-coofix","7":"product_cat-autres-outils-outillage-a-main","8":"product_cat-outillage-a-main","9":"product_cat-outillages","10":"product_tag-outils-coofix","12":"first","13":"instock","14":"shipping-taxable","15":"product-type-simple","16":"col-xs-6 col-sm-4","17":"col-mf-5","18":"un-5-cols"},"_links":{"self":[{"href":"https:\/\/www.bousfor.dz\/fr\/wp-json\/wp\/v2\/product\/6805","targetHints":{"allow":["GET"]}}],"collection":[{"href":"https:\/\/www.bousfor.dz\/fr\/wp-json\/wp\/v2\/product"}],"about":[{"href":"https:\/\/www.bousfor.dz\/fr\/wp-json\/wp\/v2\/types\/product"}],"replies":[{"embeddable":true,"href":"https:\/\/www.bousfor.dz\/fr\/wp-json\/wp\/v2\/comments?post=6805"}],"wp:featuredmedia":[{"embeddable":true,"href":"https:\/\/www.bousfor.dz\/fr\/wp-json\/wp\/v2\/media\/6806"}],"wp:attachment":[{"href":"https:\/\/www.bousfor.dz\/fr\/wp-json\/wp\/v2\/media?parent=6805"}],"wp:term":[{"taxonomy":"product_brand","embeddable":true,"href":"https:\/\/www.bousfor.dz\/fr\/wp-json\/wp\/v2\/product_brand?post=6805"},{"taxonomy":"product_cat","embeddable":true,"href":"https:\/\/www.bousfor.dz\/fr\/wp-json\/wp\/v2\/product_cat?post=6805"},{"taxonomy":"product_tag","embeddable":true,"href":"https:\/\/www.bousfor.dz\/fr\/wp-json\/wp\/v2\/product_tag?post=6805"}],"curies":[{"name":"wp","href":"https:\/\/api.w.org\/{rel}","templated":true}]}}