{"id":6101,"date":"2021-12-22T13:41:51","date_gmt":"2021-12-22T12:41:51","guid":{"rendered":"https:\/\/www.bousfor.dz\/fr\/?post_type=product&#038;p=6101"},"modified":"2021-12-22T13:43:10","modified_gmt":"2021-12-22T12:43:10","slug":"cle-cfh-d02005-jeu-de-6-cles-a-poignee-en-t","status":"publish","type":"product","link":"https:\/\/www.bousfor.dz\/fr\/product\/cle-cfh-d02005-jeu-de-6-cles-a-poignee-en-t\/","title":{"rendered":"cl\u00e9 CFH-D02005 JEU DE 6 CL\u00c9S \u00c0 POIGN\u00c9E EN T"},"content":{"rendered":"","protected":false},"excerpt":{"rendered":"<p><img decoding=\"async\" class=\"alignnone size-medium wp-image-6103\" src=\"https:\/\/www.bousfor.dz\/fr\/wp-content\/uploads\/2021\/12\/202104221728436088-300x67.png\" alt=\"\" width=\"300\" height=\"67\" srcset=\"https:\/\/www.bousfor.dz\/fr\/wp-content\/uploads\/2021\/12\/202104221728436088-300x67.png 300w, https:\/\/www.bousfor.dz\/fr\/wp-content\/uploads\/2021\/12\/202104221728436088.png 368w\" sizes=\"(max-width: 300px) 100vw, 300px\" \/><\/p>\n<p>&nbsp;<\/p>\n<p>&nbsp;<\/p>\n<p>&nbsp;<\/p>\n<p>&nbsp;<\/p>\n<p>&nbsp;<\/p>\n","protected":false},"featured_media":6102,"comment_status":"closed","ping_status":"closed","template":"","meta":[],"product_brand":[53],"product_cat":[253,212,218],"product_tag":[254],"class_list":{"0":"post-6101","1":"product","2":"type-product","3":"status-publish","4":"has-post-thumbnail","6":"product_brand-coofix","7":"product_cat-cles","8":"product_cat-outillage-a-main","9":"product_cat-outillages","10":"product_tag-cles-a-main","12":"first","13":"instock","14":"shipping-taxable","15":"product-type-simple","16":"col-xs-6 col-sm-4","17":"col-mf-5","18":"un-5-cols"},"_links":{"self":[{"href":"https:\/\/www.bousfor.dz\/fr\/wp-json\/wp\/v2\/product\/6101","targetHints":{"allow":["GET"]}}],"collection":[{"href":"https:\/\/www.bousfor.dz\/fr\/wp-json\/wp\/v2\/product"}],"about":[{"href":"https:\/\/www.bousfor.dz\/fr\/wp-json\/wp\/v2\/types\/product"}],"replies":[{"embeddable":true,"href":"https:\/\/www.bousfor.dz\/fr\/wp-json\/wp\/v2\/comments?post=6101"}],"wp:featuredmedia":[{"embeddable":true,"href":"https:\/\/www.bousfor.dz\/fr\/wp-json\/wp\/v2\/media\/6102"}],"wp:attachment":[{"href":"https:\/\/www.bousfor.dz\/fr\/wp-json\/wp\/v2\/media?parent=6101"}],"wp:term":[{"taxonomy":"product_brand","embeddable":true,"href":"https:\/\/www.bousfor.dz\/fr\/wp-json\/wp\/v2\/product_brand?post=6101"},{"taxonomy":"product_cat","embeddable":true,"href":"https:\/\/www.bousfor.dz\/fr\/wp-json\/wp\/v2\/product_cat?post=6101"},{"taxonomy":"product_tag","embeddable":true,"href":"https:\/\/www.bousfor.dz\/fr\/wp-json\/wp\/v2\/product_tag?post=6101"}],"curies":[{"name":"wp","href":"https:\/\/api.w.org\/{rel}","templated":true}]}}