{"id":5972,"date":"2021-12-21T16:01:59","date_gmt":"2021-12-21T15:01:59","guid":{"rendered":"https:\/\/www.bousfor.dz\/fr\/?post_type=product&#038;p=5972"},"modified":"2021-12-22T13:56:19","modified_gmt":"2021-12-22T12:56:19","slug":"cle-cfh-b04012-8-jeu-de-cle-a-decalage","status":"publish","type":"product","link":"https:\/\/www.bousfor.dz\/fr\/product\/cle-cfh-b04012-8-jeu-de-cle-a-decalage\/","title":{"rendered":"cl\u00e9 CFH-B04012-8 JEU DE CL\u00c9 \u00c0 D\u00c9CALAGE"},"content":{"rendered":"","protected":false},"excerpt":{"rendered":"<p><img decoding=\"async\" class=\"alignnone size-full wp-image-5974\" src=\"https:\/\/www.bousfor.dz\/fr\/wp-content\/uploads\/2021\/12\/202104221718078745.png\" alt=\"\" width=\"274\" height=\"43\" \/><\/p>\n","protected":false},"featured_media":5973,"comment_status":"closed","ping_status":"closed","template":"","meta":[],"product_brand":[53],"product_cat":[253,212,218],"product_tag":[254],"class_list":{"0":"post-5972","1":"product","2":"type-product","3":"status-publish","4":"has-post-thumbnail","6":"product_brand-coofix","7":"product_cat-cles","8":"product_cat-outillage-a-main","9":"product_cat-outillages","10":"product_tag-cles-a-main","12":"first","13":"instock","14":"shipping-taxable","15":"product-type-simple","16":"col-xs-6 col-sm-4","17":"col-mf-5","18":"un-5-cols"},"_links":{"self":[{"href":"https:\/\/www.bousfor.dz\/fr\/wp-json\/wp\/v2\/product\/5972","targetHints":{"allow":["GET"]}}],"collection":[{"href":"https:\/\/www.bousfor.dz\/fr\/wp-json\/wp\/v2\/product"}],"about":[{"href":"https:\/\/www.bousfor.dz\/fr\/wp-json\/wp\/v2\/types\/product"}],"replies":[{"embeddable":true,"href":"https:\/\/www.bousfor.dz\/fr\/wp-json\/wp\/v2\/comments?post=5972"}],"wp:featuredmedia":[{"embeddable":true,"href":"https:\/\/www.bousfor.dz\/fr\/wp-json\/wp\/v2\/media\/5973"}],"wp:attachment":[{"href":"https:\/\/www.bousfor.dz\/fr\/wp-json\/wp\/v2\/media?parent=5972"}],"wp:term":[{"taxonomy":"product_brand","embeddable":true,"href":"https:\/\/www.bousfor.dz\/fr\/wp-json\/wp\/v2\/product_brand?post=5972"},{"taxonomy":"product_cat","embeddable":true,"href":"https:\/\/www.bousfor.dz\/fr\/wp-json\/wp\/v2\/product_cat?post=5972"},{"taxonomy":"product_tag","embeddable":true,"href":"https:\/\/www.bousfor.dz\/fr\/wp-json\/wp\/v2\/product_tag?post=5972"}],"curies":[{"name":"wp","href":"https:\/\/api.w.org\/{rel}","templated":true}]}}