{"id":5944,"date":"2021-12-21T15:26:44","date_gmt":"2021-12-21T14:26:44","guid":{"rendered":"https:\/\/www.bousfor.dz\/fr\/?post_type=product&#038;p=5944"},"modified":"2021-12-22T13:19:24","modified_gmt":"2021-12-22T12:19:24","slug":"cle-cfh-b05501-8-cle-a-cliquet","status":"publish","type":"product","link":"https:\/\/www.bousfor.dz\/fr\/product\/cle-cfh-b05501-8-cle-a-cliquet\/","title":{"rendered":"cl\u00e9 CFH-B05501-8 CL\u00c9 \u00c0 CLIQUET"},"content":{"rendered":"","protected":false},"excerpt":{"rendered":"<p>&nbsp;<\/p>\n<p>&nbsp;<\/p>\n<p>&nbsp;<\/p>\n<p>&nbsp;<\/p>\n<p>&nbsp;<\/p>\n<p><img decoding=\"async\" class=\"alignnone size-full wp-image-5986\" src=\"https:\/\/www.bousfor.dz\/fr\/wp-content\/uploads\/2021\/12\/202104221714271832-1.png\" alt=\"\" width=\"274\" height=\"91\" \/><\/p>\n<p><img decoding=\"async\" class=\"alignnone size-full wp-image-5987\" src=\"https:\/\/www.bousfor.dz\/fr\/wp-content\/uploads\/2021\/12\/202104221714281980-1.png\" alt=\"\" width=\"275\" height=\"71\" \/><\/p>\n<p><img decoding=\"async\" class=\"alignnone size-full wp-image-5988\" src=\"https:\/\/www.bousfor.dz\/fr\/wp-content\/uploads\/2021\/12\/202104221714293581-1.png\" alt=\"\" width=\"274\" height=\"71\" \/><\/p>\n<p><img loading=\"lazy\" decoding=\"async\" class=\"alignnone size-full wp-image-5989\" src=\"https:\/\/www.bousfor.dz\/fr\/wp-content\/uploads\/2021\/12\/202104221714304279-1.png\" alt=\"\" width=\"274\" height=\"71\" \/><\/p>\n<p><img loading=\"lazy\" decoding=\"async\" class=\"alignnone size-full wp-image-5990\" src=\"https:\/\/www.bousfor.dz\/fr\/wp-content\/uploads\/2021\/12\/202104221714314506-1.png\" alt=\"\" width=\"274\" height=\"48\" \/><\/p>\n<p>&nbsp;<\/p>\n","protected":false},"featured_media":5951,"comment_status":"closed","ping_status":"closed","template":"","meta":[],"product_brand":[53],"product_cat":[253,212,218],"product_tag":[254],"class_list":{"0":"post-5944","1":"product","2":"type-product","3":"status-publish","4":"has-post-thumbnail","6":"product_brand-coofix","7":"product_cat-cles","8":"product_cat-outillage-a-main","9":"product_cat-outillages","10":"product_tag-cles-a-main","12":"first","13":"instock","14":"shipping-taxable","15":"product-type-simple","16":"col-xs-6 col-sm-4","17":"col-mf-5","18":"un-5-cols"},"_links":{"self":[{"href":"https:\/\/www.bousfor.dz\/fr\/wp-json\/wp\/v2\/product\/5944","targetHints":{"allow":["GET"]}}],"collection":[{"href":"https:\/\/www.bousfor.dz\/fr\/wp-json\/wp\/v2\/product"}],"about":[{"href":"https:\/\/www.bousfor.dz\/fr\/wp-json\/wp\/v2\/types\/product"}],"replies":[{"embeddable":true,"href":"https:\/\/www.bousfor.dz\/fr\/wp-json\/wp\/v2\/comments?post=5944"}],"wp:featuredmedia":[{"embeddable":true,"href":"https:\/\/www.bousfor.dz\/fr\/wp-json\/wp\/v2\/media\/5951"}],"wp:attachment":[{"href":"https:\/\/www.bousfor.dz\/fr\/wp-json\/wp\/v2\/media?parent=5944"}],"wp:term":[{"taxonomy":"product_brand","embeddable":true,"href":"https:\/\/www.bousfor.dz\/fr\/wp-json\/wp\/v2\/product_brand?post=5944"},{"taxonomy":"product_cat","embeddable":true,"href":"https:\/\/www.bousfor.dz\/fr\/wp-json\/wp\/v2\/product_cat?post=5944"},{"taxonomy":"product_tag","embeddable":true,"href":"https:\/\/www.bousfor.dz\/fr\/wp-json\/wp\/v2\/product_tag?post=5944"}],"curies":[{"name":"wp","href":"https:\/\/api.w.org\/{rel}","templated":true}]}}