{"id":5769,"date":"2021-12-18T15:00:35","date_gmt":"2021-12-18T14:00:35","guid":{"rendered":"https:\/\/www.bousfor.dz\/fr\/?post_type=product&#038;p=5769"},"modified":"2021-12-18T15:01:17","modified_gmt":"2021-12-18T14:01:17","slug":"pince-a-circlip-a-tete-courbee-cfh-a01111","status":"publish","type":"product","link":"https:\/\/www.bousfor.dz\/fr\/product\/pince-a-circlip-a-tete-courbee-cfh-a01111\/","title":{"rendered":"PINCE \u00c0 CIRCLIP \u00c0 T\u00caTE COURB\u00c9E CFH-A01111"},"content":{"rendered":"","protected":false},"excerpt":{"rendered":"<p><img decoding=\"async\" class=\"alignnone size-full wp-image-5770\" src=\"https:\/\/www.bousfor.dz\/fr\/wp-content\/uploads\/2021\/12\/20210422164827981.png\" alt=\"\" width=\"273\" height=\"44\" \/><\/p>\n","protected":false},"featured_media":5771,"comment_status":"closed","ping_status":"closed","template":"","meta":[],"product_brand":[53],"product_cat":[212,218,251],"product_tag":[252],"class_list":{"0":"post-5769","1":"product","2":"type-product","3":"status-publish","4":"has-post-thumbnail","6":"product_brand-coofix","7":"product_cat-outillage-a-main","8":"product_cat-outillages","9":"product_cat-pinces","10":"product_tag-pinces","12":"first","13":"instock","14":"shipping-taxable","15":"product-type-simple","16":"col-xs-6 col-sm-4","17":"col-mf-5","18":"un-5-cols"},"_links":{"self":[{"href":"https:\/\/www.bousfor.dz\/fr\/wp-json\/wp\/v2\/product\/5769","targetHints":{"allow":["GET"]}}],"collection":[{"href":"https:\/\/www.bousfor.dz\/fr\/wp-json\/wp\/v2\/product"}],"about":[{"href":"https:\/\/www.bousfor.dz\/fr\/wp-json\/wp\/v2\/types\/product"}],"replies":[{"embeddable":true,"href":"https:\/\/www.bousfor.dz\/fr\/wp-json\/wp\/v2\/comments?post=5769"}],"wp:featuredmedia":[{"embeddable":true,"href":"https:\/\/www.bousfor.dz\/fr\/wp-json\/wp\/v2\/media\/5771"}],"wp:attachment":[{"href":"https:\/\/www.bousfor.dz\/fr\/wp-json\/wp\/v2\/media?parent=5769"}],"wp:term":[{"taxonomy":"product_brand","embeddable":true,"href":"https:\/\/www.bousfor.dz\/fr\/wp-json\/wp\/v2\/product_brand?post=5769"},{"taxonomy":"product_cat","embeddable":true,"href":"https:\/\/www.bousfor.dz\/fr\/wp-json\/wp\/v2\/product_cat?post=5769"},{"taxonomy":"product_tag","embeddable":true,"href":"https:\/\/www.bousfor.dz\/fr\/wp-json\/wp\/v2\/product_tag?post=5769"}],"curies":[{"name":"wp","href":"https:\/\/api.w.org\/{rel}","templated":true}]}}