{"id":5355,"date":"2021-12-17T15:47:10","date_gmt":"2021-12-17T14:47:10","guid":{"rendered":"https:\/\/www.bousfor.dz\/fr\/?post_type=product&#038;p=5355"},"modified":"2021-12-17T15:48:18","modified_gmt":"2021-12-17T14:48:18","slug":"pompe-peripherique-auto-amorcante-cf-ps002ps002b","status":"publish","type":"product","link":"https:\/\/www.bousfor.dz\/fr\/product\/pompe-peripherique-auto-amorcante-cf-ps002ps002b\/","title":{"rendered":"POMPE P\u00c9RIPH\u00c9RIQUE AUTO-AMOR\u00c7ANTE CF-PS002PS002B"},"content":{"rendered":"","protected":false},"excerpt":{"rendered":"<p>CF-PS002 : puissance : 370 W\/0,5 HP<\/p>\n<p>CF-PS002B:puissance:550w\/0.75HP<\/p>\n","protected":false},"featured_media":5356,"comment_status":"closed","ping_status":"closed","template":"","meta":[],"product_brand":[53],"product_cat":[245,207,218],"product_tag":[246],"class_list":{"0":"post-5355","1":"product","2":"type-product","3":"status-publish","4":"has-post-thumbnail","6":"product_brand-coofix","7":"product_cat-autres-outils","8":"product_cat-outillage-electroportatif","9":"product_cat-outillages","10":"product_tag-outils-coofix","12":"first","13":"instock","14":"shipping-taxable","15":"product-type-simple","16":"col-xs-6 col-sm-4","17":"col-mf-5","18":"un-5-cols"},"_links":{"self":[{"href":"https:\/\/www.bousfor.dz\/fr\/wp-json\/wp\/v2\/product\/5355","targetHints":{"allow":["GET"]}}],"collection":[{"href":"https:\/\/www.bousfor.dz\/fr\/wp-json\/wp\/v2\/product"}],"about":[{"href":"https:\/\/www.bousfor.dz\/fr\/wp-json\/wp\/v2\/types\/product"}],"replies":[{"embeddable":true,"href":"https:\/\/www.bousfor.dz\/fr\/wp-json\/wp\/v2\/comments?post=5355"}],"wp:featuredmedia":[{"embeddable":true,"href":"https:\/\/www.bousfor.dz\/fr\/wp-json\/wp\/v2\/media\/5356"}],"wp:attachment":[{"href":"https:\/\/www.bousfor.dz\/fr\/wp-json\/wp\/v2\/media?parent=5355"}],"wp:term":[{"taxonomy":"product_brand","embeddable":true,"href":"https:\/\/www.bousfor.dz\/fr\/wp-json\/wp\/v2\/product_brand?post=5355"},{"taxonomy":"product_cat","embeddable":true,"href":"https:\/\/www.bousfor.dz\/fr\/wp-json\/wp\/v2\/product_cat?post=5355"},{"taxonomy":"product_tag","embeddable":true,"href":"https:\/\/www.bousfor.dz\/fr\/wp-json\/wp\/v2\/product_tag?post=5355"}],"curies":[{"name":"wp","href":"https:\/\/api.w.org\/{rel}","templated":true}]}}