{"id":5349,"date":"2021-12-17T15:44:05","date_gmt":"2021-12-17T14:44:05","guid":{"rendered":"https:\/\/www.bousfor.dz\/fr\/?post_type=product&#038;p=5349"},"modified":"2022-04-06T11:18:37","modified_gmt":"2022-04-06T10:18:37","slug":"melangeur-a-beton-electrique-cf-ecm001234","status":"publish","type":"product","link":"https:\/\/www.bousfor.dz\/fr\/product\/melangeur-a-beton-electrique-cf-ecm001234\/","title":{"rendered":"M\u00c9LANGEUR \u00c0 B\u00c9TON \u00c9LECTRIQUE CF-ECM001234"},"content":{"rendered":"","protected":false},"excerpt":{"rendered":"<p>CF-ECM001\/2\/3\/4<\/p>\n<p>PUISSANCE : 1000 w\/850 w\/1000 w\/2,75 HP<\/p>\n<p>Vitesse de rotation : 2880r\/min ;2880r\/min ;2880r\/min ;26~28rpm<\/p>\n<p>capacit\u00e9:210L\/190L250L\/400L<\/p>\n","protected":false},"featured_media":5350,"comment_status":"closed","ping_status":"closed","template":"","meta":[],"product_brand":[53],"product_cat":[298,245,207,218],"product_tag":[246],"class_list":{"0":"post-5349","1":"product","2":"type-product","3":"status-publish","4":"has-post-thumbnail","6":"product_brand-coofix","7":"product_cat-arrivage-coofix","8":"product_cat-autres-outils","9":"product_cat-outillage-electroportatif","10":"product_cat-outillages","11":"product_tag-outils-coofix","13":"first","14":"instock","15":"shipping-taxable","16":"product-type-simple","17":"col-xs-6 col-sm-4","18":"col-mf-5","19":"un-5-cols"},"_links":{"self":[{"href":"https:\/\/www.bousfor.dz\/fr\/wp-json\/wp\/v2\/product\/5349","targetHints":{"allow":["GET"]}}],"collection":[{"href":"https:\/\/www.bousfor.dz\/fr\/wp-json\/wp\/v2\/product"}],"about":[{"href":"https:\/\/www.bousfor.dz\/fr\/wp-json\/wp\/v2\/types\/product"}],"replies":[{"embeddable":true,"href":"https:\/\/www.bousfor.dz\/fr\/wp-json\/wp\/v2\/comments?post=5349"}],"wp:featuredmedia":[{"embeddable":true,"href":"https:\/\/www.bousfor.dz\/fr\/wp-json\/wp\/v2\/media\/5350"}],"wp:attachment":[{"href":"https:\/\/www.bousfor.dz\/fr\/wp-json\/wp\/v2\/media?parent=5349"}],"wp:term":[{"taxonomy":"product_brand","embeddable":true,"href":"https:\/\/www.bousfor.dz\/fr\/wp-json\/wp\/v2\/product_brand?post=5349"},{"taxonomy":"product_cat","embeddable":true,"href":"https:\/\/www.bousfor.dz\/fr\/wp-json\/wp\/v2\/product_cat?post=5349"},{"taxonomy":"product_tag","embeddable":true,"href":"https:\/\/www.bousfor.dz\/fr\/wp-json\/wp\/v2\/product_tag?post=5349"}],"curies":[{"name":"wp","href":"https:\/\/api.w.org\/{rel}","templated":true}]}}