{"id":5347,"date":"2021-12-17T15:43:04","date_gmt":"2021-12-17T14:43:04","guid":{"rendered":"https:\/\/www.bousfor.dz\/fr\/?post_type=product&#038;p=5347"},"modified":"2021-12-17T15:43:57","modified_gmt":"2021-12-17T14:43:57","slug":"melangeur-a-beton-diesel-cf-dcm002","status":"publish","type":"product","link":"https:\/\/www.bousfor.dz\/fr\/product\/melangeur-a-beton-diesel-cf-dcm002\/","title":{"rendered":"M\u00c9LANGEUR \u00c0 B\u00c9TON DIESEL CF-DCM002"},"content":{"rendered":"","protected":false},"excerpt":{"rendered":"<p>Vitesse:20-25rpm<\/p>\n<p>Capacit\u00e9:500L<\/p>\n","protected":false},"featured_media":5348,"comment_status":"closed","ping_status":"closed","template":"","meta":[],"product_brand":[53],"product_cat":[245,207,218],"product_tag":[246],"class_list":{"0":"post-5347","1":"product","2":"type-product","3":"status-publish","4":"has-post-thumbnail","6":"product_brand-coofix","7":"product_cat-autres-outils","8":"product_cat-outillage-electroportatif","9":"product_cat-outillages","10":"product_tag-outils-coofix","12":"first","13":"instock","14":"shipping-taxable","15":"product-type-simple","16":"col-xs-6 col-sm-4","17":"col-mf-5","18":"un-5-cols"},"_links":{"self":[{"href":"https:\/\/www.bousfor.dz\/fr\/wp-json\/wp\/v2\/product\/5347","targetHints":{"allow":["GET"]}}],"collection":[{"href":"https:\/\/www.bousfor.dz\/fr\/wp-json\/wp\/v2\/product"}],"about":[{"href":"https:\/\/www.bousfor.dz\/fr\/wp-json\/wp\/v2\/types\/product"}],"replies":[{"embeddable":true,"href":"https:\/\/www.bousfor.dz\/fr\/wp-json\/wp\/v2\/comments?post=5347"}],"wp:featuredmedia":[{"embeddable":true,"href":"https:\/\/www.bousfor.dz\/fr\/wp-json\/wp\/v2\/media\/5348"}],"wp:attachment":[{"href":"https:\/\/www.bousfor.dz\/fr\/wp-json\/wp\/v2\/media?parent=5347"}],"wp:term":[{"taxonomy":"product_brand","embeddable":true,"href":"https:\/\/www.bousfor.dz\/fr\/wp-json\/wp\/v2\/product_brand?post=5347"},{"taxonomy":"product_cat","embeddable":true,"href":"https:\/\/www.bousfor.dz\/fr\/wp-json\/wp\/v2\/product_cat?post=5347"},{"taxonomy":"product_tag","embeddable":true,"href":"https:\/\/www.bousfor.dz\/fr\/wp-json\/wp\/v2\/product_tag?post=5347"}],"curies":[{"name":"wp","href":"https:\/\/api.w.org\/{rel}","templated":true}]}}