{"id":5264,"date":"2021-12-17T14:55:58","date_gmt":"2021-12-17T13:55:58","guid":{"rendered":"https:\/\/www.bousfor.dz\/fr\/?post_type=product&#038;p=5264"},"modified":"2021-12-17T14:57:28","modified_gmt":"2021-12-17T13:57:28","slug":"melangeur-electrique-cf-em001-140mm","status":"publish","type":"product","link":"https:\/\/www.bousfor.dz\/fr\/product\/melangeur-electrique-cf-em001-140mm\/","title":{"rendered":"M\u00c9LANGEUR \u00c9LECTRIQUE CF-EM001 140MM"},"content":{"rendered":"","protected":false},"excerpt":{"rendered":"<p>Palette de m\u00e9lange : 140 mm<\/p>\n<p>Tension nominale : 110\/220 V, 50-60 Hz<\/p>\n<p>Puissance d&rsquo;entr\u00e9e nominale : 1400 W<\/p>\n<p>Vitesse sans charge : 300-750r\/min<\/p>\n","protected":false},"featured_media":5265,"comment_status":"closed","ping_status":"closed","template":"","meta":[],"product_brand":[53],"product_cat":[245,207,218],"product_tag":[246],"class_list":{"0":"post-5264","1":"product","2":"type-product","3":"status-publish","4":"has-post-thumbnail","6":"product_brand-coofix","7":"product_cat-autres-outils","8":"product_cat-outillage-electroportatif","9":"product_cat-outillages","10":"product_tag-outils-coofix","12":"first","13":"instock","14":"shipping-taxable","15":"product-type-simple","16":"col-xs-6 col-sm-4","17":"col-mf-5","18":"un-5-cols"},"_links":{"self":[{"href":"https:\/\/www.bousfor.dz\/fr\/wp-json\/wp\/v2\/product\/5264","targetHints":{"allow":["GET"]}}],"collection":[{"href":"https:\/\/www.bousfor.dz\/fr\/wp-json\/wp\/v2\/product"}],"about":[{"href":"https:\/\/www.bousfor.dz\/fr\/wp-json\/wp\/v2\/types\/product"}],"replies":[{"embeddable":true,"href":"https:\/\/www.bousfor.dz\/fr\/wp-json\/wp\/v2\/comments?post=5264"}],"wp:featuredmedia":[{"embeddable":true,"href":"https:\/\/www.bousfor.dz\/fr\/wp-json\/wp\/v2\/media\/5265"}],"wp:attachment":[{"href":"https:\/\/www.bousfor.dz\/fr\/wp-json\/wp\/v2\/media?parent=5264"}],"wp:term":[{"taxonomy":"product_brand","embeddable":true,"href":"https:\/\/www.bousfor.dz\/fr\/wp-json\/wp\/v2\/product_brand?post=5264"},{"taxonomy":"product_cat","embeddable":true,"href":"https:\/\/www.bousfor.dz\/fr\/wp-json\/wp\/v2\/product_cat?post=5264"},{"taxonomy":"product_tag","embeddable":true,"href":"https:\/\/www.bousfor.dz\/fr\/wp-json\/wp\/v2\/product_tag?post=5264"}],"curies":[{"name":"wp","href":"https:\/\/api.w.org\/{rel}","templated":true}]}}