{"id":11583,"date":"2022-04-07T15:02:59","date_gmt":"2022-04-07T14:02:59","guid":{"rendered":"https:\/\/www.bousfor.dz\/fr\/?post_type=product&#038;p=11583"},"modified":"2022-04-07T15:03:00","modified_gmt":"2022-04-07T14:03:00","slug":"pulverisateur-a-pression","status":"publish","type":"product","link":"https:\/\/www.bousfor.dz\/fr\/product\/pulverisateur-a-pression\/","title":{"rendered":"Pulv\u00e9risateur \u00e0 pression"},"content":{"rendered":"","protected":false},"excerpt":{"rendered":"<p>Pulv\u00e9risateur \u00e0 pression \u00e0 pompe pour pelouse et jardin de 1,3 gallon avec soupape de surpression bandouli\u00e8re r\u00e9glable Utilisation multifonctionnelle : ce pulv\u00e9risateur \u00e0 pression \u00e0 pompe pratique de 1,3 gallon est bon \u00e0 utiliser pour l&rsquo;int\u00e9rieur et l&rsquo;ext\u00e9rieur vous permet d&rsquo;obtenir un remplissage facile et sans g\u00e2chis\u00a0;\u00a0Il vous suffit simplement de d\u00e9visser, de remplir la bouteille et de refermer le couvercle.\u00a0Augmentez la pression et vous \u00eates pr\u00eat \u00e0 partir<\/p>\n","protected":false},"featured_media":11584,"comment_status":"open","ping_status":"closed","template":"","meta":[],"product_brand":[53],"product_cat":[214,218],"product_tag":[248],"class_list":{"0":"post-11583","1":"product","2":"type-product","3":"status-publish","4":"has-post-thumbnail","6":"product_brand-coofix","7":"product_cat-accessoires","8":"product_cat-outillages","9":"product_tag-accessoires-outils-coofix","11":"first","12":"instock","13":"shipping-taxable","14":"product-type-simple","15":"col-xs-6 col-sm-4","16":"col-mf-5","17":"un-5-cols"},"_links":{"self":[{"href":"https:\/\/www.bousfor.dz\/fr\/wp-json\/wp\/v2\/product\/11583","targetHints":{"allow":["GET"]}}],"collection":[{"href":"https:\/\/www.bousfor.dz\/fr\/wp-json\/wp\/v2\/product"}],"about":[{"href":"https:\/\/www.bousfor.dz\/fr\/wp-json\/wp\/v2\/types\/product"}],"replies":[{"embeddable":true,"href":"https:\/\/www.bousfor.dz\/fr\/wp-json\/wp\/v2\/comments?post=11583"}],"wp:featuredmedia":[{"embeddable":true,"href":"https:\/\/www.bousfor.dz\/fr\/wp-json\/wp\/v2\/media\/11584"}],"wp:attachment":[{"href":"https:\/\/www.bousfor.dz\/fr\/wp-json\/wp\/v2\/media?parent=11583"}],"wp:term":[{"taxonomy":"product_brand","embeddable":true,"href":"https:\/\/www.bousfor.dz\/fr\/wp-json\/wp\/v2\/product_brand?post=11583"},{"taxonomy":"product_cat","embeddable":true,"href":"https:\/\/www.bousfor.dz\/fr\/wp-json\/wp\/v2\/product_cat?post=11583"},{"taxonomy":"product_tag","embeddable":true,"href":"https:\/\/www.bousfor.dz\/fr\/wp-json\/wp\/v2\/product_tag?post=11583"}],"curies":[{"name":"wp","href":"https:\/\/api.w.org\/{rel}","templated":true}]}}