{"id":11550,"date":"2022-04-07T12:59:23","date_gmt":"2022-04-07T11:59:23","guid":{"rendered":"https:\/\/www.bousfor.dz\/fr\/?post_type=product&#038;p=11550"},"modified":"2022-04-07T12:59:23","modified_gmt":"2022-04-07T11:59:23","slug":"generateur-dessence","status":"publish","type":"product","link":"https:\/\/www.bousfor.dz\/fr\/product\/generateur-dessence\/","title":{"rendered":"G\u00c9N\u00c9RATEUR D&rsquo;ESSENCE"},"content":{"rendered":"","protected":false},"excerpt":{"rendered":"<ul>\n<li>D\u00e9placement : 208CC<\/li>\n<li>Tension d&rsquo;alimentation(V) : 110V\/220-240V\/380V , 50-60Hz<\/li>\n<li>Max. AC sortie\/kw : 3KW<\/li>\n<li>Bruit (7m\/dB) : &lt;70<\/li>\n<li>Consommation de carburant (g\/kw.h) : &lt;395<\/li>\n<li>Heures de travail durables\/(h) : 8<\/li>\n<li>Capacit\u00e9 du r\u00e9servoir de carburant\/L : 15<\/li>\n<li>Capacit\u00e9 d&rsquo;huile\/L : 0.6L<\/li>\n<li>Emball\u00e9 par bo\u00eete de couleur Taille d&#8217;emballage (1 pi\u00e8ces): 60*44.5*46 cm<\/li>\n<li>GW\/NO : 45\/47kg<\/li>\n<\/ul>\n","protected":false},"featured_media":11551,"comment_status":"open","ping_status":"closed","template":"","meta":[],"product_brand":[53],"product_cat":[245,207],"product_tag":[299],"class_list":{"0":"post-11550","1":"product","2":"type-product","3":"status-publish","4":"has-post-thumbnail","6":"product_brand-coofix","7":"product_cat-autres-outils","8":"product_cat-outillage-electroportatif","9":"product_tag-outillage-electroportatif-coofix","11":"first","12":"instock","13":"shipping-taxable","14":"product-type-simple","15":"col-xs-6 col-sm-4","16":"col-mf-5","17":"un-5-cols"},"_links":{"self":[{"href":"https:\/\/www.bousfor.dz\/fr\/wp-json\/wp\/v2\/product\/11550","targetHints":{"allow":["GET"]}}],"collection":[{"href":"https:\/\/www.bousfor.dz\/fr\/wp-json\/wp\/v2\/product"}],"about":[{"href":"https:\/\/www.bousfor.dz\/fr\/wp-json\/wp\/v2\/types\/product"}],"replies":[{"embeddable":true,"href":"https:\/\/www.bousfor.dz\/fr\/wp-json\/wp\/v2\/comments?post=11550"}],"wp:featuredmedia":[{"embeddable":true,"href":"https:\/\/www.bousfor.dz\/fr\/wp-json\/wp\/v2\/media\/11551"}],"wp:attachment":[{"href":"https:\/\/www.bousfor.dz\/fr\/wp-json\/wp\/v2\/media?parent=11550"}],"wp:term":[{"taxonomy":"product_brand","embeddable":true,"href":"https:\/\/www.bousfor.dz\/fr\/wp-json\/wp\/v2\/product_brand?post=11550"},{"taxonomy":"product_cat","embeddable":true,"href":"https:\/\/www.bousfor.dz\/fr\/wp-json\/wp\/v2\/product_cat?post=11550"},{"taxonomy":"product_tag","embeddable":true,"href":"https:\/\/www.bousfor.dz\/fr\/wp-json\/wp\/v2\/product_tag?post=11550"}],"curies":[{"name":"wp","href":"https:\/\/api.w.org\/{rel}","templated":true}]}}