{"id":10085,"date":"2022-01-18T15:08:49","date_gmt":"2022-01-18T14:08:49","guid":{"rendered":"https:\/\/www.bousfor.dz\/fr\/?post_type=product&#038;p=10085"},"modified":"2022-03-20T09:42:51","modified_gmt":"2022-03-20T08:42:51","slug":"pince-a-sertir-et-a-denuder-outil-de-reparation-de-cables-poignee-double-couleur-pince-a-denuder-multifonctionnelle-multi-specifications-s","status":"publish","type":"product","link":"https:\/\/www.bousfor.dz\/fr\/product\/pince-a-sertir-et-a-denuder-outil-de-reparation-de-cables-poignee-double-couleur-pince-a-denuder-multifonctionnelle-multi-specifications-s\/","title":{"rendered":"Pince \u00e0 sertir et \u00e0 d\u00e9nuder"},"content":{"rendered":"<h3><em><strong>Vue d\u2019ensemble<\/strong><\/em><\/h3>\n<hr \/>\n<table style=\"height: 573px;\" width=\"1294\">\n<tbody>\n<tr>\n<td width=\"307\">\n<h4><em><strong>Description rapide<\/strong><\/em><\/h4>\n<p>Cat\u00e9gorie : Industriel<\/p>\n<p>Garantie : 1 AN<\/p>\n<p>Mat\u00e9riel\u00a0: En acier<\/p>\n<p>syst\u00e8me de mesure: imp\u00e9riale (Pouces)<\/p>\n<p>Mat\u00e9riel de poign\u00e9e\u00a0: en plastique Moul\u00e9<\/p>\n<p>Surface de La m\u00e2choire\u00a0: pas nominale, biseaut\u00e9 (Standard), Dentel\u00e9, petit Biseau (Semi-Encastr\u00e9), Lisse, sans Biseau (Rin\u00e7age Complet)<\/p>\n<p>Support personnalis\u00e9 : OEM<\/p>\n<p>Point d&rsquo;origine : Zhejiang, Chine<\/p>\n<p>Marque nom: WEHAND<\/p>\n<p>&nbsp;<\/td>\n<td width=\"307\">&nbsp;<\/p>\n<p>Application: Multifonctionnel, Machine, R\u00e9paration automobile<\/p>\n<p>Nom du produit : outil \u00e0 main de r\u00e9paration en fil d&rsquo;acier \u00e0 long nez d&rsquo;aiguille.<\/p>\n<p>Nom de marque: WEHAND<\/p>\n<p>Mat\u00e9riel: Acier<\/p>\n<p>Utilisation\u00a0: multi-usages<\/p>\n<p>Logo : Logo personnalis\u00e9<\/p>\n<p>Num\u00e9ro de mod\u00e8le: 23106<\/p>\n<p>Couleur: client jaune\/Can<\/p>\n<p>Caract\u00e9ristique : respectueux de l&rsquo;environnement.<\/p>\n<p>Fonction : Multifonction<\/td>\n<\/tr>\n<\/tbody>\n<\/table>\n<p>&nbsp;<\/p>\n","protected":false},"excerpt":{"rendered":"<p>Vue d\u2019ensemble Description rapide Cat\u00e9gorie : Industriel Garantie : 1 AN Mat\u00e9riel\u00a0: En acier syst\u00e8me de mesure: imp\u00e9riale (Pouces) Mat\u00e9riel de poign\u00e9e\u00a0: en plastique Moul\u00e9 Surface de La m\u00e2choire\u00a0: pas nominale, biseaut\u00e9 (Standard), Dentel\u00e9, petit Biseau (Semi-Encastr\u00e9), Lisse, sans Biseau (Rin\u00e7age Complet) Support personnalis\u00e9 : OEM Point d&rsquo;origine : Zhejiang, Chine Marque nom: WEHAND &nbsp;&hellip;<\/p>\n","protected":false},"featured_media":10086,"comment_status":"open","ping_status":"closed","template":"","meta":[],"product_brand":[260],"product_cat":[212,218,251],"product_tag":[265],"class_list":{"0":"post-10085","1":"product","2":"type-product","3":"status-publish","4":"has-post-thumbnail","6":"product_brand-wehand","7":"product_cat-outillage-a-main","8":"product_cat-outillages","9":"product_cat-pinces","10":"product_tag-pinces-wehand","12":"first","13":"instock","14":"shipping-taxable","15":"product-type-simple","16":"col-xs-6 col-sm-4","17":"col-mf-5","18":"un-5-cols"},"_links":{"self":[{"href":"https:\/\/www.bousfor.dz\/fr\/wp-json\/wp\/v2\/product\/10085","targetHints":{"allow":["GET"]}}],"collection":[{"href":"https:\/\/www.bousfor.dz\/fr\/wp-json\/wp\/v2\/product"}],"about":[{"href":"https:\/\/www.bousfor.dz\/fr\/wp-json\/wp\/v2\/types\/product"}],"replies":[{"embeddable":true,"href":"https:\/\/www.bousfor.dz\/fr\/wp-json\/wp\/v2\/comments?post=10085"}],"wp:featuredmedia":[{"embeddable":true,"href":"https:\/\/www.bousfor.dz\/fr\/wp-json\/wp\/v2\/media\/10086"}],"wp:attachment":[{"href":"https:\/\/www.bousfor.dz\/fr\/wp-json\/wp\/v2\/media?parent=10085"}],"wp:term":[{"taxonomy":"product_brand","embeddable":true,"href":"https:\/\/www.bousfor.dz\/fr\/wp-json\/wp\/v2\/product_brand?post=10085"},{"taxonomy":"product_cat","embeddable":true,"href":"https:\/\/www.bousfor.dz\/fr\/wp-json\/wp\/v2\/product_cat?post=10085"},{"taxonomy":"product_tag","embeddable":true,"href":"https:\/\/www.bousfor.dz\/fr\/wp-json\/wp\/v2\/product_tag?post=10085"}],"curies":[{"name":"wp","href":"https:\/\/api.w.org\/{rel}","templated":true}]}}